{"id":326,"date":"2023-04-25T10:07:57","date_gmt":"2023-04-25T10:07:57","guid":{"rendered":"https:\/\/vrdlaedukacji.pl\/?page_id=326"},"modified":"2023-04-25T10:12:30","modified_gmt":"2023-04-25T10:12:30","slug":"wywiad","status":"publish","type":"page","link":"https:\/\/vrdlaedukacji.pl\/?page_id=326","title":{"rendered":"wywiad"},"content":{"rendered":"\t\t<div data-elementor-type=\"wp-page\" data-elementor-id=\"326\" class=\"elementor elementor-326\">\n\t\t\t\t\t\t\t\t\t<section class=\"elementor-section elementor-top-section elementor-element elementor-element-f9d2d8a elementor-section-full_width elementor-section-height-default elementor-section-height-default\" data-id=\"f9d2d8a\" data-element_type=\"section\">\n\t\t\t\t\t\t<div class=\"elementor-container elementor-column-gap-default\">\n\t\t\t\t\t<div class=\"elementor-column elementor-col-100 elementor-top-column elementor-element elementor-element-8f05245\" data-id=\"8f05245\" data-element_type=\"column\">\n\t\t\t<div class=\"elementor-widget-wrap elementor-element-populated\">\n\t\t\t\t\t\t\t\t<div class=\"elementor-element elementor-element-bb5af7a elementor-widget elementor-widget-image\" data-id=\"bb5af7a\" data-element_type=\"widget\" data-widget_type=\"image.default\">\n\t\t\t\t<div class=\"elementor-widget-container\">\n\t\t\t<style>\/*! elementor - v3.12.1 - 02-04-2023 *\/\n.elementor-widget-image{text-align:center}.elementor-widget-image a{display:inline-block}.elementor-widget-image a img[src$=\".svg\"]{width:48px}.elementor-widget-image img{vertical-align:middle;display:inline-block}<\/style>\t\t\t\t\t\t\t\t\t\t\t\t<img decoding=\"async\" width=\"1920\" height=\"604\" src=\"https:\/\/vrdlaedukacji.pl\/wp-content\/uploads\/2023\/04\/SRK_layout_TOP_.jpg\" class=\"attachment-full size-full wp-image-264\" alt=\"\" loading=\"lazy\" srcset=\"https:\/\/vrdlaedukacji.pl\/wp-content\/uploads\/2023\/04\/SRK_layout_TOP_.jpg 1920w, https:\/\/vrdlaedukacji.pl\/wp-content\/uploads\/2023\/04\/SRK_layout_TOP_-300x94.jpg 300w, https:\/\/vrdlaedukacji.pl\/wp-content\/uploads\/2023\/04\/SRK_layout_TOP_-1024x322.jpg 1024w, https:\/\/vrdlaedukacji.pl\/wp-content\/uploads\/2023\/04\/SRK_layout_TOP_-768x242.jpg 768w, https:\/\/vrdlaedukacji.pl\/wp-content\/uploads\/2023\/04\/SRK_layout_TOP_-1536x483.jpg 1536w\" sizes=\"(max-width: 1920px) 100vw, 1920px\" \/>\t\t\t\t\t\t\t\t\t\t\t\t\t\t\t<\/div>\n\t\t\t\t<\/div>\n\t\t\t\t\t<\/div>\n\t\t<\/div>\n\t\t\t\t\t\t\t<\/div>\n\t\t<\/section>\n\t\t\t\t<section class=\"elementor-section elementor-top-section elementor-element elementor-element-11616fd elementor-section-boxed elementor-section-height-default elementor-section-height-default\" data-id=\"11616fd\" data-element_type=\"section\">\n\t\t\t\t\t\t<div class=\"elementor-container elementor-column-gap-default\">\n\t\t\t\t\t<div class=\"elementor-column elementor-col-100 elementor-top-column elementor-element elementor-element-4374939\" data-id=\"4374939\" data-element_type=\"column\">\n\t\t\t<div class=\"elementor-widget-wrap elementor-element-populated\">\n\t\t\t\t\t\t\t\t<div class=\"elementor-element elementor-element-0c7448b elementor-widget elementor-widget-image\" data-id=\"0c7448b\" data-element_type=\"widget\" data-widget_type=\"image.default\">\n\t\t\t\t<div class=\"elementor-widget-container\">\n\t\t\t\t\t\t\t\t\t\t\t\t\t\t\t\t<a href=\"https:\/\/vrdlaedukacji.pl\/?page_id=80\">\n\t\t\t\t\t\t\t<img decoding=\"async\" src=\"https:\/\/vrdlaedukacji.pl\/wp-content\/uploads\/2023\/04\/SRK_layout_BUTTON_powrot.png\" title=\"SRK_layout_BUTTON_powrot\" alt=\"SRK_layout_BUTTON_powrot\" loading=\"lazy\" \/>\t\t\t\t\t\t\t\t<\/a>\n\t\t\t\t\t\t\t\t\t\t\t\t\t\t\t<\/div>\n\t\t\t\t<\/div>\n\t\t\t\t\t<\/div>\n\t\t<\/div>\n\t\t\t\t\t\t\t<\/div>\n\t\t<\/section>\n\t\t\t\t<section class=\"elementor-section elementor-top-section elementor-element elementor-element-0158b03 elementor-section-boxed elementor-section-height-default elementor-section-height-default\" data-id=\"0158b03\" data-element_type=\"section\">\n\t\t\t\t\t\t<div class=\"elementor-container elementor-column-gap-default\">\n\t\t\t\t\t<div class=\"elementor-column elementor-col-100 elementor-top-column elementor-element elementor-element-385d7e3\" data-id=\"385d7e3\" data-element_type=\"column\">\n\t\t\t<div class=\"elementor-widget-wrap elementor-element-populated\">\n\t\t\t\t\t\t\t\t<div class=\"elementor-element elementor-element-ebe1b6d elementor-widget elementor-widget-heading\" data-id=\"ebe1b6d\" data-element_type=\"widget\" data-widget_type=\"heading.default\">\n\t\t\t\t<div class=\"elementor-widget-container\">\n\t\t\t<style>\/*! elementor - v3.12.1 - 02-04-2023 *\/\n.elementor-heading-title{padding:0;margin:0;line-height:1}.elementor-widget-heading .elementor-heading-title[class*=elementor-size-]>a{color:inherit;font-size:inherit;line-height:inherit}.elementor-widget-heading .elementor-heading-title.elementor-size-small{font-size:15px}.elementor-widget-heading .elementor-heading-title.elementor-size-medium{font-size:19px}.elementor-widget-heading .elementor-heading-title.elementor-size-large{font-size:29px}.elementor-widget-heading .elementor-heading-title.elementor-size-xl{font-size:39px}.elementor-widget-heading .elementor-heading-title.elementor-size-xxl{font-size:59px}<\/style><h2 class=\"elementor-heading-title elementor-size-default\">Wywiad na temat projektu w Pu\u0142awach z wykorzystaniem kwalifikacji ZSK<\/h2>\t\t<\/div>\n\t\t\t\t<\/div>\n\t\t\t\t\t<\/div>\n\t\t<\/div>\n\t\t\t\t\t\t\t<\/div>\n\t\t<\/section>\n\t\t\t\t<section class=\"elementor-section elementor-top-section elementor-element elementor-element-90cf9e6 elementor-section-boxed elementor-section-height-default elementor-section-height-default\" data-id=\"90cf9e6\" data-element_type=\"section\">\n\t\t\t\t\t\t<div class=\"elementor-container elementor-column-gap-default\">\n\t\t\t\t\t<div class=\"elementor-column elementor-col-100 elementor-top-column elementor-element elementor-element-de4bf7d\" data-id=\"de4bf7d\" data-element_type=\"column\">\n\t\t\t<div class=\"elementor-widget-wrap elementor-element-populated\">\n\t\t\t\t\t\t\t\t<div class=\"elementor-element elementor-element-0d2d525 elementor-widget elementor-widget-text-editor\" data-id=\"0d2d525\" data-element_type=\"widget\" data-widget_type=\"text-editor.default\">\n\t\t\t\t<div class=\"elementor-widget-container\">\n\t\t\t<style>\/*! elementor - v3.12.1 - 02-04-2023 *\/\n.elementor-widget-text-editor.elementor-drop-cap-view-stacked .elementor-drop-cap{background-color:#69727d;color:#fff}.elementor-widget-text-editor.elementor-drop-cap-view-framed .elementor-drop-cap{color:#69727d;border:3px solid;background-color:transparent}.elementor-widget-text-editor:not(.elementor-drop-cap-view-default) .elementor-drop-cap{margin-top:8px}.elementor-widget-text-editor:not(.elementor-drop-cap-view-default) .elementor-drop-cap-letter{width:1em;height:1em}.elementor-widget-text-editor .elementor-drop-cap{float:left;text-align:center;line-height:1;font-size:50px}.elementor-widget-text-editor .elementor-drop-cap-letter{display:inline-block}<\/style>\t\t\t\t<p class=\"MsoNormal\"><span style=\"font-family: 'inherit',serif;\">Materia\u0142 zrealizowany 24 kwietnia 2023 r. w Polskim <span class=\"xt0psk2\"><span style=\"border: none windowtext 1.0pt; mso-border-alt: none windowtext 0cm; padding: 0cm;\">Radio Lublin<\/span><\/span> w audycji \u201eEuropejskie Lubelskie\u201d na temat projektu \u201ePodniesienie jako\u015bci kszta\u0142cenia zawodowego w powiecie Pu\u0142awskim\u201d. Swoj\u0105 opini\u0119 o uczestnictwie w projekcie wyrazili Wicestarosta Pu\u0142awski Leszek Gorgol, a tak\u017ce uczniowie i nauczyciele spo\u015br\u00f3d 6 ponadgimnazjalnych szk\u00f3\u0142. Projekt realizowany by\u0142 z rekomendacji SRK NUB. Zapraszamy do ods\u0142uchania audycji <\/span><span style=\"font-size: 11.5pt; font-family: 'Segoe UI Historic', sans-serif; color: black; border: 1pt none windowtext; padding: 0cm; background-image: initial; background-position: initial; background-size: initial; background-repeat: initial; background-attachment: initial; background-origin: initial; background-clip: initial;\"><a href=\"https:\/\/radio.lublin.pl\/...\/04\/24-04-2023-pogotowie-radiowe\/\">https:\/\/radio.lublin.pl\/&#8230;\/04\/24-04-2023-pogotowie-radiowe\/<\/a><\/span><\/p>\t\t\t\t\t\t<\/div>\n\t\t\t\t<\/div>\n\t\t\t\t\t<\/div>\n\t\t<\/div>\n\t\t\t\t\t\t\t<\/div>\n\t\t<\/section>\n\t\t\t\t<section class=\"elementor-section elementor-top-section elementor-element elementor-element-62591f1 elementor-section-boxed elementor-section-height-default elementor-section-height-default\" data-id=\"62591f1\" data-element_type=\"section\">\n\t\t\t\t\t\t<div class=\"elementor-container elementor-column-gap-default\">\n\t\t\t\t\t<div class=\"elementor-column elementor-col-100 elementor-top-column elementor-element elementor-element-78f900c\" data-id=\"78f900c\" data-element_type=\"column\">\n\t\t\t<div class=\"elementor-widget-wrap elementor-element-populated\">\n\t\t\t\t\t\t\t\t<div class=\"elementor-element elementor-element-1e518c0 elementor-widget elementor-widget-spacer\" data-id=\"1e518c0\" data-element_type=\"widget\" data-widget_type=\"spacer.default\">\n\t\t\t\t<div class=\"elementor-widget-container\">\n\t\t\t<style>\/*! elementor - v3.12.1 - 02-04-2023 *\/\n.elementor-column .elementor-spacer-inner{height:var(--spacer-size)}.e-con{--container-widget-width:100%}.e-con-inner>.elementor-widget-spacer,.e-con>.elementor-widget-spacer{width:var(--container-widget-width,var(--spacer-size));--align-self:var(--container-widget-align-self,initial);--flex-shrink:0}.e-con-inner>.elementor-widget-spacer>.elementor-widget-container,.e-con-inner>.elementor-widget-spacer>.elementor-widget-container>.elementor-spacer,.e-con>.elementor-widget-spacer>.elementor-widget-container,.e-con>.elementor-widget-spacer>.elementor-widget-container>.elementor-spacer{height:100%}.e-con-inner>.elementor-widget-spacer>.elementor-widget-container>.elementor-spacer>.elementor-spacer-inner,.e-con>.elementor-widget-spacer>.elementor-widget-container>.elementor-spacer>.elementor-spacer-inner{height:var(--container-widget-height,var(--spacer-size))}<\/style>\t\t<div class=\"elementor-spacer\">\n\t\t\t<div class=\"elementor-spacer-inner\"><\/div>\n\t\t<\/div>\n\t\t\t\t<\/div>\n\t\t\t\t<\/div>\n\t\t\t\t\t<\/div>\n\t\t<\/div>\n\t\t\t\t\t\t\t<\/div>\n\t\t<\/section>\n\t\t\t\t<section class=\"elementor-section elementor-top-section elementor-element elementor-element-8b4f0cc elementor-section-boxed elementor-section-height-default elementor-section-height-default\" data-id=\"8b4f0cc\" data-element_type=\"section\" data-settings=\"{&quot;background_background&quot;:&quot;classic&quot;}\">\n\t\t\t\t\t\t<div class=\"elementor-container elementor-column-gap-no\">\n\t\t\t\t\t<div class=\"elementor-column elementor-col-33 elementor-top-column elementor-element elementor-element-3e96fa0\" data-id=\"3e96fa0\" data-element_type=\"column\">\n\t\t\t<div class=\"elementor-widget-wrap elementor-element-populated\">\n\t\t\t\t\t\t\t\t<div class=\"elementor-element elementor-element-74b00f8 elementor-widget elementor-widget-image\" data-id=\"74b00f8\" data-element_type=\"widget\" data-widget_type=\"image.default\">\n\t\t\t\t<div class=\"elementor-widget-container\">\n\t\t\t\t\t\t\t\t\t\t\t\t\t\t\t<img decoding=\"async\" width=\"300\" height=\"300\" src=\"https:\/\/vrdlaedukacji.pl\/wp-content\/uploads\/2023\/04\/js-300x300.png\" class=\"attachment-medium size-medium wp-image-169\" alt=\"\" loading=\"lazy\" srcset=\"https:\/\/vrdlaedukacji.pl\/wp-content\/uploads\/2023\/04\/js-300x300.png 300w, https:\/\/vrdlaedukacji.pl\/wp-content\/uploads\/2023\/04\/js-1024x1024.png 1024w, https:\/\/vrdlaedukacji.pl\/wp-content\/uploads\/2023\/04\/js-150x150.png 150w, https:\/\/vrdlaedukacji.pl\/wp-content\/uploads\/2023\/04\/js-768x768.png 768w, https:\/\/vrdlaedukacji.pl\/wp-content\/uploads\/2023\/04\/js-1536x1536.png 1536w, https:\/\/vrdlaedukacji.pl\/wp-content\/uploads\/2023\/04\/js-2048x2048.png 2048w, https:\/\/vrdlaedukacji.pl\/wp-content\/uploads\/2023\/04\/js-100x100.png 100w, https:\/\/vrdlaedukacji.pl\/wp-content\/uploads\/2023\/04\/js-50x50.png 50w\" sizes=\"(max-width: 300px) 100vw, 300px\" \/>\t\t\t\t\t\t\t\t\t\t\t\t\t\t\t<\/div>\n\t\t\t\t<\/div>\n\t\t\t\t\t<\/div>\n\t\t<\/div>\n\t\t\t\t<div class=\"elementor-column elementor-col-33 elementor-top-column elementor-element elementor-element-9d6fb7a\" data-id=\"9d6fb7a\" data-element_type=\"column\">\n\t\t\t<div class=\"elementor-widget-wrap elementor-element-populated\">\n\t\t\t\t\t\t\t\t<div class=\"elementor-element elementor-element-3e6107a elementor-widget elementor-widget-text-editor\" data-id=\"3e6107a\" data-element_type=\"widget\" data-widget_type=\"text-editor.default\">\n\t\t\t\t<div class=\"elementor-widget-container\">\n\t\t\t\t\t\t\t<p>Sektorowa Rada ds. NUB<\/p><p><strong>Jaros\u0142aw \u015awi\u0105tek<\/strong><\/p><p><strong>tel:<\/strong>\u00a0+ 48 797 029 194<\/p><p><strong>email:<\/strong>\u00a0jaroslaw.swiatek@sektorowaradanub.pl<\/p>\t\t\t\t\t\t<\/div>\n\t\t\t\t<\/div>\n\t\t\t\t\t<\/div>\n\t\t<\/div>\n\t\t\t\t<div class=\"elementor-column elementor-col-33 elementor-top-column elementor-element elementor-element-0931cf5\" data-id=\"0931cf5\" data-element_type=\"column\">\n\t\t\t<div class=\"elementor-widget-wrap elementor-element-populated\">\n\t\t\t\t\t\t\t\t<div class=\"elementor-element elementor-element-853a1b6 e-transform elementor-widget elementor-widget-image\" data-id=\"853a1b6\" data-element_type=\"widget\" data-settings=\"{&quot;_transform_translateY_effect&quot;:{&quot;unit&quot;:&quot;px&quot;,&quot;size&quot;:0,&quot;sizes&quot;:[]},&quot;_transform_translateX_effect&quot;:{&quot;unit&quot;:&quot;px&quot;,&quot;size&quot;:&quot;&quot;,&quot;sizes&quot;:[]},&quot;_transform_translateX_effect_tablet&quot;:{&quot;unit&quot;:&quot;px&quot;,&quot;size&quot;:&quot;&quot;,&quot;sizes&quot;:[]},&quot;_transform_translateX_effect_mobile&quot;:{&quot;unit&quot;:&quot;px&quot;,&quot;size&quot;:&quot;&quot;,&quot;sizes&quot;:[]},&quot;_transform_translateY_effect_tablet&quot;:{&quot;unit&quot;:&quot;px&quot;,&quot;size&quot;:&quot;&quot;,&quot;sizes&quot;:[]},&quot;_transform_translateY_effect_mobile&quot;:{&quot;unit&quot;:&quot;px&quot;,&quot;size&quot;:&quot;&quot;,&quot;sizes&quot;:[]}}\" data-widget_type=\"image.default\">\n\t\t\t\t<div class=\"elementor-widget-container\">\n\t\t\t\t\t\t\t\t\t\t\t\t\t\t\t<img decoding=\"async\" width=\"850\" height=\"224\" src=\"https:\/\/vrdlaedukacji.pl\/wp-content\/uploads\/2023\/04\/340290195_947686119604543_3390340836964163509_n.png\" class=\"attachment-full size-full wp-image-247\" alt=\"\" loading=\"lazy\" srcset=\"https:\/\/vrdlaedukacji.pl\/wp-content\/uploads\/2023\/04\/340290195_947686119604543_3390340836964163509_n.png 850w, https:\/\/vrdlaedukacji.pl\/wp-content\/uploads\/2023\/04\/340290195_947686119604543_3390340836964163509_n-300x79.png 300w, https:\/\/vrdlaedukacji.pl\/wp-content\/uploads\/2023\/04\/340290195_947686119604543_3390340836964163509_n-768x202.png 768w\" sizes=\"(max-width: 850px) 100vw, 850px\" \/>\t\t\t\t\t\t\t\t\t\t\t\t\t\t\t<\/div>\n\t\t\t\t<\/div>\n\t\t\t\t\t<\/div>\n\t\t<\/div>\n\t\t\t\t\t\t\t<\/div>\n\t\t<\/section>\n\t\t\t\t<section class=\"elementor-section elementor-top-section elementor-element elementor-element-e0e8754 elementor-section-boxed elementor-section-height-default elementor-section-height-default\" data-id=\"e0e8754\" data-element_type=\"section\">\n\t\t\t\t\t\t<div class=\"elementor-container elementor-column-gap-default\">\n\t\t\t\t\t<div class=\"elementor-column elementor-col-100 elementor-top-column elementor-element elementor-element-984341e\" data-id=\"984341e\" data-element_type=\"column\">\n\t\t\t<div class=\"elementor-widget-wrap\">\n\t\t\t\t\t\t\t\t\t<\/div>\n\t\t<\/div>\n\t\t\t\t\t\t\t<\/div>\n\t\t<\/section>\n\t\t\t\t\t\t\t<\/div>\n\t\t","protected":false},"excerpt":{"rendered":"<p>Wywiad na temat projektu w Pu\u0142awach z wykorzystaniem kwalifikacji ZSK Materia\u0142 zrealizowany 24 kwietnia 2023 r. w Polskim Radio Lublin w audycji \u201eEuropejskie Lubelskie\u201d na temat projektu \u201ePodniesienie jako\u015bci kszta\u0142cenia zawodowego w powiecie Pu\u0142awskim\u201d. Swoj\u0105 opini\u0119 o uczestnictwie w projekcie wyrazili Wicestarosta Pu\u0142awski Leszek Gorgol, a tak\u017ce uczniowie i nauczyciele spo\u015br\u00f3d 6 ponadgimnazjalnych szk\u00f3\u0142. Projekt [&hellip;]<\/p>\n","protected":false},"author":1,"featured_media":0,"parent":0,"menu_order":0,"comment_status":"closed","ping_status":"closed","template":"elementor_header_footer","meta":[],"_links":{"self":[{"href":"https:\/\/vrdlaedukacji.pl\/index.php?rest_route=\/wp\/v2\/pages\/326"}],"collection":[{"href":"https:\/\/vrdlaedukacji.pl\/index.php?rest_route=\/wp\/v2\/pages"}],"about":[{"href":"https:\/\/vrdlaedukacji.pl\/index.php?rest_route=\/wp\/v2\/types\/page"}],"author":[{"embeddable":true,"href":"https:\/\/vrdlaedukacji.pl\/index.php?rest_route=\/wp\/v2\/users\/1"}],"replies":[{"embeddable":true,"href":"https:\/\/vrdlaedukacji.pl\/index.php?rest_route=%2Fwp%2Fv2%2Fcomments&post=326"}],"version-history":[{"count":4,"href":"https:\/\/vrdlaedukacji.pl\/index.php?rest_route=\/wp\/v2\/pages\/326\/revisions"}],"predecessor-version":[{"id":330,"href":"https:\/\/vrdlaedukacji.pl\/index.php?rest_route=\/wp\/v2\/pages\/326\/revisions\/330"}],"wp:attachment":[{"href":"https:\/\/vrdlaedukacji.pl\/index.php?rest_route=%2Fwp%2Fv2%2Fmedia&parent=326"}],"curies":[{"name":"wp","href":"https:\/\/api.w.org\/{rel}","templated":true}]}}