{"id":190,"date":"2023-04-12T07:49:01","date_gmt":"2023-04-12T07:49:01","guid":{"rendered":"https:\/\/vrdlaedukacji.pl\/?page_id=190"},"modified":"2023-04-12T11:34:49","modified_gmt":"2023-04-12T11:34:49","slug":"vr-2","status":"publish","type":"page","link":"https:\/\/vrdlaedukacji.pl\/","title":{"rendered":"vrdlaedukacji"},"content":{"rendered":"\t\t<div data-elementor-type=\"wp-page\" data-elementor-id=\"190\" class=\"elementor elementor-190\">\n\t\t\t\t\t\t\t\t\t<section class=\"elementor-section elementor-top-section elementor-element elementor-element-5918388 elementor-section-full_width elementor-section-height-default elementor-section-height-default\" data-id=\"5918388\" data-element_type=\"section\">\n\t\t\t\t\t\t<div class=\"elementor-container elementor-column-gap-default\">\n\t\t\t\t\t<div class=\"elementor-column elementor-col-100 elementor-top-column elementor-element elementor-element-2a1e1b9\" data-id=\"2a1e1b9\" data-element_type=\"column\">\n\t\t\t<div class=\"elementor-widget-wrap elementor-element-populated\">\n\t\t\t\t\t\t\t\t<div class=\"elementor-element elementor-element-682c47c elementor-widget elementor-widget-image\" data-id=\"682c47c\" data-element_type=\"widget\" data-widget_type=\"image.default\">\n\t\t\t\t<div class=\"elementor-widget-container\">\n\t\t\t<style>\/*! elementor - v3.12.1 - 02-04-2023 *\/\n.elementor-widget-image{text-align:center}.elementor-widget-image a{display:inline-block}.elementor-widget-image a img[src$=\".svg\"]{width:48px}.elementor-widget-image img{vertical-align:middle;display:inline-block}<\/style>\t\t\t\t\t\t\t\t\t\t\t\t<img decoding=\"async\" width=\"1920\" height=\"604\" src=\"https:\/\/vrdlaedukacji.pl\/wp-content\/uploads\/2023\/04\/SRK_layout_TOP.jpg\" class=\"attachment-full size-full wp-image-196\" alt=\"\" loading=\"lazy\" srcset=\"https:\/\/vrdlaedukacji.pl\/wp-content\/uploads\/2023\/04\/SRK_layout_TOP.jpg 1920w, https:\/\/vrdlaedukacji.pl\/wp-content\/uploads\/2023\/04\/SRK_layout_TOP-300x94.jpg 300w, https:\/\/vrdlaedukacji.pl\/wp-content\/uploads\/2023\/04\/SRK_layout_TOP-1024x322.jpg 1024w, https:\/\/vrdlaedukacji.pl\/wp-content\/uploads\/2023\/04\/SRK_layout_TOP-768x242.jpg 768w, https:\/\/vrdlaedukacji.pl\/wp-content\/uploads\/2023\/04\/SRK_layout_TOP-1536x483.jpg 1536w\" sizes=\"(max-width: 1920px) 100vw, 1920px\" \/>\t\t\t\t\t\t\t\t\t\t\t\t\t\t\t<\/div>\n\t\t\t\t<\/div>\n\t\t\t\t\t<\/div>\n\t\t<\/div>\n\t\t\t\t\t\t\t<\/div>\n\t\t<\/section>\n\t\t\t\t<section class=\"elementor-section elementor-top-section elementor-element elementor-element-5d417ce elementor-section-boxed elementor-section-height-default elementor-section-height-default\" data-id=\"5d417ce\" data-element_type=\"section\">\n\t\t\t\t\t\t<div class=\"elementor-container elementor-column-gap-default\">\n\t\t\t\t\t<div class=\"elementor-column elementor-col-100 elementor-top-column elementor-element elementor-element-8f6f7a1\" data-id=\"8f6f7a1\" data-element_type=\"column\">\n\t\t\t<div class=\"elementor-widget-wrap elementor-element-populated\">\n\t\t\t\t\t\t\t\t<div class=\"elementor-element elementor-element-f45edf6 elementor-widget elementor-widget-spacer\" data-id=\"f45edf6\" data-element_type=\"widget\" data-widget_type=\"spacer.default\">\n\t\t\t\t<div class=\"elementor-widget-container\">\n\t\t\t<style>\/*! elementor - v3.12.1 - 02-04-2023 *\/\n.elementor-column .elementor-spacer-inner{height:var(--spacer-size)}.e-con{--container-widget-width:100%}.e-con-inner>.elementor-widget-spacer,.e-con>.elementor-widget-spacer{width:var(--container-widget-width,var(--spacer-size));--align-self:var(--container-widget-align-self,initial);--flex-shrink:0}.e-con-inner>.elementor-widget-spacer>.elementor-widget-container,.e-con-inner>.elementor-widget-spacer>.elementor-widget-container>.elementor-spacer,.e-con>.elementor-widget-spacer>.elementor-widget-container,.e-con>.elementor-widget-spacer>.elementor-widget-container>.elementor-spacer{height:100%}.e-con-inner>.elementor-widget-spacer>.elementor-widget-container>.elementor-spacer>.elementor-spacer-inner,.e-con>.elementor-widget-spacer>.elementor-widget-container>.elementor-spacer>.elementor-spacer-inner{height:var(--container-widget-height,var(--spacer-size))}<\/style>\t\t<div class=\"elementor-spacer\">\n\t\t\t<div class=\"elementor-spacer-inner\"><\/div>\n\t\t<\/div>\n\t\t\t\t<\/div>\n\t\t\t\t<\/div>\n\t\t\t\t\t<\/div>\n\t\t<\/div>\n\t\t\t\t\t\t\t<\/div>\n\t\t<\/section>\n\t\t\t\t<section class=\"elementor-section elementor-top-section elementor-element elementor-element-fa33f95 elementor-section-boxed elementor-section-height-default elementor-section-height-default\" data-id=\"fa33f95\" data-element_type=\"section\">\n\t\t\t\t\t\t<div class=\"elementor-container elementor-column-gap-default\">\n\t\t\t\t\t<div class=\"elementor-column elementor-col-50 elementor-top-column elementor-element elementor-element-4f81c89\" data-id=\"4f81c89\" data-element_type=\"column\">\n\t\t\t<div class=\"elementor-widget-wrap elementor-element-populated\">\n\t\t\t\t\t\t\t\t<div class=\"elementor-element elementor-element-8552e2b elementor-widget__width-inherit elementor-widget elementor-widget-image\" data-id=\"8552e2b\" data-element_type=\"widget\" data-widget_type=\"image.default\">\n\t\t\t\t<div class=\"elementor-widget-container\">\n\t\t\t\t\t\t\t\t\t\t\t\t\t\t\t\t<a href=\"https:\/\/vrdlaedukacji.pl\/?page_id=7\">\n\t\t\t\t\t\t\t<img decoding=\"async\" width=\"578\" height=\"396\" src=\"https:\/\/vrdlaedukacji.pl\/wp-content\/uploads\/2023\/04\/SRK_layout_BUTTON_filmy.png\" class=\"attachment-full size-full wp-image-202\" alt=\"\" loading=\"lazy\" srcset=\"https:\/\/vrdlaedukacji.pl\/wp-content\/uploads\/2023\/04\/SRK_layout_BUTTON_filmy.png 578w, https:\/\/vrdlaedukacji.pl\/wp-content\/uploads\/2023\/04\/SRK_layout_BUTTON_filmy-300x206.png 300w\" sizes=\"(max-width: 578px) 100vw, 578px\" \/>\t\t\t\t\t\t\t\t<\/a>\n\t\t\t\t\t\t\t\t\t\t\t\t\t\t\t<\/div>\n\t\t\t\t<\/div>\n\t\t\t\t\t<\/div>\n\t\t<\/div>\n\t\t\t\t<div class=\"elementor-column elementor-col-50 elementor-top-column elementor-element elementor-element-ce2712b\" data-id=\"ce2712b\" data-element_type=\"column\">\n\t\t\t<div class=\"elementor-widget-wrap elementor-element-populated\">\n\t\t\t\t\t\t\t\t<div class=\"elementor-element elementor-element-85dcaff elementor-widget elementor-widget-image\" data-id=\"85dcaff\" data-element_type=\"widget\" data-widget_type=\"image.default\">\n\t\t\t\t<div class=\"elementor-widget-container\">\n\t\t\t\t\t\t\t\t\t\t\t\t\t\t\t\t<a href=\"https:\/\/vrdlaedukacji.pl\/?page_id=80\">\n\t\t\t\t\t\t\t<img decoding=\"async\" width=\"525\" height=\"360\" src=\"https:\/\/vrdlaedukacji.pl\/wp-content\/uploads\/2023\/04\/SRK_layout_BUTTON_doswiadczenie.png\" class=\"attachment-large size-large wp-image-201\" alt=\"\" loading=\"lazy\" srcset=\"https:\/\/vrdlaedukacji.pl\/wp-content\/uploads\/2023\/04\/SRK_layout_BUTTON_doswiadczenie.png 578w, https:\/\/vrdlaedukacji.pl\/wp-content\/uploads\/2023\/04\/SRK_layout_BUTTON_doswiadczenie-300x206.png 300w\" sizes=\"(max-width: 525px) 100vw, 525px\" \/>\t\t\t\t\t\t\t\t<\/a>\n\t\t\t\t\t\t\t\t\t\t\t\t\t\t\t<\/div>\n\t\t\t\t<\/div>\n\t\t\t\t\t<\/div>\n\t\t<\/div>\n\t\t\t\t\t\t\t<\/div>\n\t\t<\/section>\n\t\t\t\t<section class=\"elementor-section elementor-top-section elementor-element elementor-element-cf5e707 elementor-section-boxed elementor-section-height-default elementor-section-height-default\" data-id=\"cf5e707\" data-element_type=\"section\">\n\t\t\t\t\t\t<div class=\"elementor-container elementor-column-gap-default\">\n\t\t\t\t\t<div class=\"elementor-column elementor-col-100 elementor-top-column elementor-element elementor-element-b615bc2\" data-id=\"b615bc2\" data-element_type=\"column\">\n\t\t\t<div class=\"elementor-widget-wrap elementor-element-populated\">\n\t\t\t\t\t\t\t\t<div class=\"elementor-element elementor-element-d09b155 elementor-widget elementor-widget-spacer\" data-id=\"d09b155\" data-element_type=\"widget\" data-widget_type=\"spacer.default\">\n\t\t\t\t<div class=\"elementor-widget-container\">\n\t\t\t\t\t<div class=\"elementor-spacer\">\n\t\t\t<div class=\"elementor-spacer-inner\"><\/div>\n\t\t<\/div>\n\t\t\t\t<\/div>\n\t\t\t\t<\/div>\n\t\t\t\t\t<\/div>\n\t\t<\/div>\n\t\t\t\t\t\t\t<\/div>\n\t\t<\/section>\n\t\t\t\t<section class=\"elementor-section elementor-top-section elementor-element elementor-element-5ea5c396 elementor-section-boxed elementor-section-height-default elementor-section-height-default\" data-id=\"5ea5c396\" data-element_type=\"section\" data-settings=\"{&quot;background_background&quot;:&quot;classic&quot;}\">\n\t\t\t\t\t\t<div class=\"elementor-container elementor-column-gap-no\">\n\t\t\t\t\t<div class=\"elementor-column elementor-col-33 elementor-top-column elementor-element elementor-element-6672c3a3\" data-id=\"6672c3a3\" data-element_type=\"column\">\n\t\t\t<div class=\"elementor-widget-wrap elementor-element-populated\">\n\t\t\t\t\t\t\t\t<div class=\"elementor-element elementor-element-64dff47 elementor-widget elementor-widget-image\" data-id=\"64dff47\" data-element_type=\"widget\" data-widget_type=\"image.default\">\n\t\t\t\t<div class=\"elementor-widget-container\">\n\t\t\t\t\t\t\t\t\t\t\t\t\t\t\t<img decoding=\"async\" width=\"300\" height=\"300\" src=\"https:\/\/vrdlaedukacji.pl\/wp-content\/uploads\/2023\/04\/js-300x300.png\" class=\"attachment-medium size-medium wp-image-169\" alt=\"\" loading=\"lazy\" srcset=\"https:\/\/vrdlaedukacji.pl\/wp-content\/uploads\/2023\/04\/js-300x300.png 300w, https:\/\/vrdlaedukacji.pl\/wp-content\/uploads\/2023\/04\/js-1024x1024.png 1024w, https:\/\/vrdlaedukacji.pl\/wp-content\/uploads\/2023\/04\/js-150x150.png 150w, https:\/\/vrdlaedukacji.pl\/wp-content\/uploads\/2023\/04\/js-768x768.png 768w, https:\/\/vrdlaedukacji.pl\/wp-content\/uploads\/2023\/04\/js-1536x1536.png 1536w, https:\/\/vrdlaedukacji.pl\/wp-content\/uploads\/2023\/04\/js-2048x2048.png 2048w, https:\/\/vrdlaedukacji.pl\/wp-content\/uploads\/2023\/04\/js-100x100.png 100w, https:\/\/vrdlaedukacji.pl\/wp-content\/uploads\/2023\/04\/js-50x50.png 50w\" sizes=\"(max-width: 300px) 100vw, 300px\" \/>\t\t\t\t\t\t\t\t\t\t\t\t\t\t\t<\/div>\n\t\t\t\t<\/div>\n\t\t\t\t\t<\/div>\n\t\t<\/div>\n\t\t\t\t<div class=\"elementor-column elementor-col-33 elementor-top-column elementor-element elementor-element-59aa1c8a\" data-id=\"59aa1c8a\" data-element_type=\"column\">\n\t\t\t<div class=\"elementor-widget-wrap elementor-element-populated\">\n\t\t\t\t\t\t\t\t<div class=\"elementor-element elementor-element-873b12c elementor-widget elementor-widget-text-editor\" data-id=\"873b12c\" data-element_type=\"widget\" data-widget_type=\"text-editor.default\">\n\t\t\t\t<div class=\"elementor-widget-container\">\n\t\t\t<style>\/*! elementor - v3.12.1 - 02-04-2023 *\/\n.elementor-widget-text-editor.elementor-drop-cap-view-stacked .elementor-drop-cap{background-color:#69727d;color:#fff}.elementor-widget-text-editor.elementor-drop-cap-view-framed .elementor-drop-cap{color:#69727d;border:3px solid;background-color:transparent}.elementor-widget-text-editor:not(.elementor-drop-cap-view-default) .elementor-drop-cap{margin-top:8px}.elementor-widget-text-editor:not(.elementor-drop-cap-view-default) .elementor-drop-cap-letter{width:1em;height:1em}.elementor-widget-text-editor .elementor-drop-cap{float:left;text-align:center;line-height:1;font-size:50px}.elementor-widget-text-editor .elementor-drop-cap-letter{display:inline-block}<\/style>\t\t\t\t<p>Sektorowa Rada ds. NUB<\/p><p><strong>Jaros\u0142aw \u015awi\u0105tek<\/strong><\/p><p><strong>tel:<\/strong>\u00a0+ 48 797 029 194<\/p><p><strong>email:<\/strong>\u00a0jaroslaw.swiatek@sektorowaradanub.pl<\/p>\t\t\t\t\t\t<\/div>\n\t\t\t\t<\/div>\n\t\t\t\t\t<\/div>\n\t\t<\/div>\n\t\t\t\t<div class=\"elementor-column elementor-col-33 elementor-top-column elementor-element elementor-element-4e1bb4f\" data-id=\"4e1bb4f\" data-element_type=\"column\">\n\t\t\t<div class=\"elementor-widget-wrap elementor-element-populated\">\n\t\t\t\t\t\t\t\t<div class=\"elementor-element elementor-element-97e3306 e-transform elementor-widget elementor-widget-image\" data-id=\"97e3306\" data-element_type=\"widget\" data-settings=\"{&quot;_transform_translateY_effect&quot;:{&quot;unit&quot;:&quot;px&quot;,&quot;size&quot;:0,&quot;sizes&quot;:[]},&quot;_transform_translateX_effect&quot;:{&quot;unit&quot;:&quot;px&quot;,&quot;size&quot;:&quot;&quot;,&quot;sizes&quot;:[]},&quot;_transform_translateX_effect_tablet&quot;:{&quot;unit&quot;:&quot;px&quot;,&quot;size&quot;:&quot;&quot;,&quot;sizes&quot;:[]},&quot;_transform_translateX_effect_mobile&quot;:{&quot;unit&quot;:&quot;px&quot;,&quot;size&quot;:&quot;&quot;,&quot;sizes&quot;:[]},&quot;_transform_translateY_effect_tablet&quot;:{&quot;unit&quot;:&quot;px&quot;,&quot;size&quot;:&quot;&quot;,&quot;sizes&quot;:[]},&quot;_transform_translateY_effect_mobile&quot;:{&quot;unit&quot;:&quot;px&quot;,&quot;size&quot;:&quot;&quot;,&quot;sizes&quot;:[]}}\" data-widget_type=\"image.default\">\n\t\t\t\t<div class=\"elementor-widget-container\">\n\t\t\t\t\t\t\t\t\t\t\t\t\t\t\t<img decoding=\"async\" width=\"850\" height=\"224\" src=\"https:\/\/vrdlaedukacji.pl\/wp-content\/uploads\/2023\/04\/340290195_947686119604543_3390340836964163509_n.png\" class=\"attachment-full size-full wp-image-247\" alt=\"\" loading=\"lazy\" srcset=\"https:\/\/vrdlaedukacji.pl\/wp-content\/uploads\/2023\/04\/340290195_947686119604543_3390340836964163509_n.png 850w, https:\/\/vrdlaedukacji.pl\/wp-content\/uploads\/2023\/04\/340290195_947686119604543_3390340836964163509_n-300x79.png 300w, https:\/\/vrdlaedukacji.pl\/wp-content\/uploads\/2023\/04\/340290195_947686119604543_3390340836964163509_n-768x202.png 768w\" sizes=\"(max-width: 850px) 100vw, 850px\" \/>\t\t\t\t\t\t\t\t\t\t\t\t\t\t\t<\/div>\n\t\t\t\t<\/div>\n\t\t\t\t\t<\/div>\n\t\t<\/div>\n\t\t\t\t\t\t\t<\/div>\n\t\t<\/section>\n\t\t\t\t\t\t\t<\/div>\n\t\t","protected":false},"excerpt":{"rendered":"<p>Sektorowa Rada ds. NUB Jaros\u0142aw \u015awi\u0105tek tel:\u00a0+ 48 797 029 194 email:\u00a0jaroslaw.swiatek@sektorowaradanub.pl<\/p>\n","protected":false},"author":1,"featured_media":0,"parent":0,"menu_order":0,"comment_status":"closed","ping_status":"closed","template":"elementor_header_footer","meta":[],"_links":{"self":[{"href":"https:\/\/vrdlaedukacji.pl\/index.php?rest_route=\/wp\/v2\/pages\/190"}],"collection":[{"href":"https:\/\/vrdlaedukacji.pl\/index.php?rest_route=\/wp\/v2\/pages"}],"about":[{"href":"https:\/\/vrdlaedukacji.pl\/index.php?rest_route=\/wp\/v2\/types\/page"}],"author":[{"embeddable":true,"href":"https:\/\/vrdlaedukacji.pl\/index.php?rest_route=\/wp\/v2\/users\/1"}],"replies":[{"embeddable":true,"href":"https:\/\/vrdlaedukacji.pl\/index.php?rest_route=%2Fwp%2Fv2%2Fcomments&post=190"}],"version-history":[{"count":52,"href":"https:\/\/vrdlaedukacji.pl\/index.php?rest_route=\/wp\/v2\/pages\/190\/revisions"}],"predecessor-version":[{"id":295,"href":"https:\/\/vrdlaedukacji.pl\/index.php?rest_route=\/wp\/v2\/pages\/190\/revisions\/295"}],"wp:attachment":[{"href":"https:\/\/vrdlaedukacji.pl\/index.php?rest_route=%2Fwp%2Fv2%2Fmedia&parent=190"}],"curies":[{"name":"wp","href":"https:\/\/api.w.org\/{rel}","templated":true}]}}